{"id":114,"date":"2015-06-27T06:43:20","date_gmt":"2015-06-27T06:43:20","guid":{"rendered":"http:\/\/webriti.com\/appointment-free\/?page_id=7"},"modified":"2019-11-03T03:36:45","modified_gmt":"2019-11-03T02:36:45","slug":"apropos","status":"publish","type":"page","link":"http:\/\/f2k-computing.fr\/index.php\/apropos\/","title":{"rendered":"Qui sommes nous"},"content":{"rendered":"\n<h3 class=\"wp-block-heading\"><\/h3>\n\n\n\n<h3 class=\"wp-block-heading\">Pr\u00e9sentation<\/h3>\n\n\n\n<div class=\"wp-block-image\"><figure class=\"alignright is-resized\"><img loading=\"lazy\" decoding=\"async\" src=\"http:\/\/f2k-computing.fr\/wp-content\/uploads\/2019\/05\/adults-analysis-brainstorming-1661004-1024x561.jpg\" alt=\"\" class=\"wp-image-186\" width=\"435\" height=\"238\" srcset=\"http:\/\/f2k-computing.fr\/wp-content\/uploads\/2019\/05\/adults-analysis-brainstorming-1661004-1024x561.jpg 1024w, http:\/\/f2k-computing.fr\/wp-content\/uploads\/2019\/05\/adults-analysis-brainstorming-1661004-300x164.jpg 300w, http:\/\/f2k-computing.fr\/wp-content\/uploads\/2019\/05\/adults-analysis-brainstorming-1661004-768x421.jpg 768w\" sizes=\"(max-width: 435px) 100vw, 435px\" \/><\/figure><\/div>\n\n\n\n<p>\nF2K-Computing est une soci\u00e9t\u00e9 de services num\u00e9rique dans le domaine de l&#8217;IT.<\/p>\n\n\n\n<p>Implant\u00e9e\n en r\u00e9gion parisienne F2K-Computing approche comme premi\u00e8re client\u00e8le \nles principaux acteurs du domaine des r\u00e9seaux informatiques et de la et \nt\u00e9l\u00e9communication.<\/p>\n\n\n\n<p>Notre principal objectif est de satisfaire nos clients en les offrant le meilleur service de consulting <\/p>\n\n\n\n<p><\/p>\n\n\n\n<p><\/p>\n\n\n\n<h3 class=\"wp-block-heading\">Notre <g class=\"gr_ gr_74 gr-alert gr_spell gr_inline_cards gr_run_anim ContextualSpelling ins-del multiReplace\" id=\"74\" data-gr-id=\"74\">approche<\/g><\/h3>\n\n\n\n<p><\/p>\n\n\n\n<p>Notre approche est port\u00e9e par le bien-\u00eatre et l\u2019excellence de nos collaborateurs. Ces derniers se distinguent par leur go\u00fbt de la performance, leur cr\u00e9ativit\u00e9 et permettent ainsi de proposer \u00e0 nos clients un service efficace.<\/p>\n\n\n\n<p>En assurant une croissance r\u00e9guli\u00e8re F2K-Computing serait un acteur majeur d\u2019accompagnement de nos clients.<\/p>\n\n\n\n<p><br><\/p>\n\n\n\n<h3 class=\"wp-block-heading\">Nos <g class=\"gr_ gr_8 gr-alert gr_spell gr_inline_cards gr_run_anim ContextualSpelling\" id=\"8\" data-gr-id=\"8\">valeurs<\/g><\/h3>\n\n\n\n<p><\/p>\n\n\n\n<p><strong>IMPLICATION ET SENS DU SERVICE<\/strong><\/p>\n\n\n\n<p>Chez F2K-Computing, notre premier objectif est la satisfaction du client. Associ\u00e9s ou consultants, nous prenons tous nos missions \u00e0 c\u0153ur et nous nous sentons totalement responsables face \u00e0 nos clients et partenaires.<\/p>\n\n\n\n<p><strong>PROXIMIT\u00c9 ET R\u00c9ACTIVIT\u00c9<\/strong><\/p>\n\n\n\n<p>Gr\u00e2ce \u00e0 une ligne hi\u00e9rarchique courte et des process internes l\u00e9gers, nous parvenons \u00e0 conserver une grande proximit\u00e9 entre toutes les parties prenantes de F2K-Computing : clients, consultants et associ\u00e9s\u2026 <\/p>\n\n\n\n<p>Une proximit\u00e9 qui permet une circulation fluide et rapide de l\u2019information, et une grande r\u00e9activit\u00e9 des \u00e9quipes.<\/p>\n\n\n\n<p><span data-sheets-value=\"{&quot;1&quot;:2,&quot;2&quot;:&quot;AMBITION ET INNOVATION&quot;}\" data-sheets-userformat=\"{&quot;2&quot;:512,&quot;12&quot;:0}\"><strong>AMBITION ET INNOVATION<\/strong><\/span><\/p>\n\n\n\n<p>F2K-Computing est une structure dynamique et \u00e9volutive, tr\u00e8s attentive aux \u00e9volutions du march\u00e9. Nous y partageons tous l\u2019ambition de rester \u00e0 la pointe et d\u2019enrichir constamment nos m\u00e9tiers. Une culture d\u2019entreprise qui permet \u00e0 nos consultants d\u2019envisager des progressions de carri\u00e8re riches.<\/p>\n","protected":false},"excerpt":{"rendered":"<p>Pr\u00e9sentation F2K-Computing est une soci\u00e9t\u00e9 de services num\u00e9rique dans le domaine de l&#8217;IT. Implant\u00e9e en r\u00e9gion parisienne F2K-Computing approche comme premi\u00e8re client\u00e8le les principaux acteurs du domaine des r\u00e9seaux informatiques et de la et t\u00e9l\u00e9communication. Notre principal objectif est de satisfaire nos clients en les offrant le meilleur service de consulting Notre approche Notre approche <a href=\"http:\/\/f2k-computing.fr\/index.php\/apropos\/\" rel=\"nofollow\"><span class=\"sr-only\">Read more about Qui sommes nous<\/span>[&hellip;]<\/a><\/p>\n","protected":false},"author":1,"featured_media":181,"parent":0,"menu_order":0,"comment_status":"closed","ping_status":"closed","template":"","meta":{"footnotes":""},"yoast_head":"<!-- This site is optimized with the Yoast SEO plugin v22.2 - https:\/\/yoast.com\/wordpress\/plugins\/seo\/ -->\n<title>Qui sommes nous - F2K Computing<\/title>\n<meta name=\"robots\" content=\"index, follow, max-snippet:-1, max-image-preview:large, max-video-preview:-1\" \/>\n<link rel=\"canonical\" href=\"http:\/\/f2k-computing.fr\/index.php\/apropos\/\" \/>\n<meta property=\"og:locale\" content=\"fr_FR\" \/>\n<meta property=\"og:type\" content=\"article\" \/>\n<meta property=\"og:title\" content=\"Qui sommes nous - F2K Computing\" \/>\n<meta property=\"og:description\" content=\"Pr\u00e9sentation F2K-Computing est une soci\u00e9t\u00e9 de services num\u00e9rique dans le domaine de l&#8217;IT. Implant\u00e9e en r\u00e9gion parisienne F2K-Computing approche comme premi\u00e8re client\u00e8le les principaux acteurs du domaine des r\u00e9seaux informatiques et de la et t\u00e9l\u00e9communication. Notre principal objectif est de satisfaire nos clients en les offrant le meilleur service de consulting Notre approche Notre approche Read more about Qui sommes nous[&hellip;]\" \/>\n<meta property=\"og:url\" content=\"http:\/\/f2k-computing.fr\/index.php\/apropos\/\" \/>\n<meta property=\"og:site_name\" content=\"F2K Computing\" \/>\n<meta property=\"article:publisher\" content=\"https:\/\/www.linkedin.com\/in\/f2k-computing-rh-aa4974184\/\" \/>\n<meta property=\"article:modified_time\" content=\"2019-11-03T02:36:45+00:00\" \/>\n<meta property=\"og:image\" content=\"http:\/\/f2k-computing.fr\/wp-content\/uploads\/2019\/05\/adult-businessman-businesswomen-1061588.jpg\" \/>\n\t<meta property=\"og:image:width\" content=\"3000\" \/>\n\t<meta property=\"og:image:height\" content=\"2000\" \/>\n\t<meta property=\"og:image:type\" content=\"image\/jpeg\" \/>\n<meta name=\"twitter:card\" content=\"summary_large_image\" \/>\n<meta name=\"twitter:label1\" content=\"Dur\u00e9e de lecture estim\u00e9e\" \/>\n\t<meta name=\"twitter:data1\" content=\"1 minute\" \/>\n<script type=\"application\/ld+json\" class=\"yoast-schema-graph\">{\"@context\":\"https:\/\/schema.org\",\"@graph\":[{\"@type\":\"WebPage\",\"@id\":\"http:\/\/f2k-computing.fr\/index.php\/apropos\/\",\"url\":\"http:\/\/f2k-computing.fr\/index.php\/apropos\/\",\"name\":\"Qui sommes nous - F2K Computing\",\"isPartOf\":{\"@id\":\"http:\/\/f2k-computing.fr\/#website\"},\"primaryImageOfPage\":{\"@id\":\"http:\/\/f2k-computing.fr\/index.php\/apropos\/#primaryimage\"},\"image\":{\"@id\":\"http:\/\/f2k-computing.fr\/index.php\/apropos\/#primaryimage\"},\"thumbnailUrl\":\"http:\/\/f2k-computing.fr\/wp-content\/uploads\/2019\/05\/adult-businessman-businesswomen-1061588.jpg\",\"datePublished\":\"2015-06-27T06:43:20+00:00\",\"dateModified\":\"2019-11-03T02:36:45+00:00\",\"breadcrumb\":{\"@id\":\"http:\/\/f2k-computing.fr\/index.php\/apropos\/#breadcrumb\"},\"inLanguage\":\"fr-FR\",\"potentialAction\":[{\"@type\":\"ReadAction\",\"target\":[\"http:\/\/f2k-computing.fr\/index.php\/apropos\/\"]}]},{\"@type\":\"ImageObject\",\"inLanguage\":\"fr-FR\",\"@id\":\"http:\/\/f2k-computing.fr\/index.php\/apropos\/#primaryimage\",\"url\":\"http:\/\/f2k-computing.fr\/wp-content\/uploads\/2019\/05\/adult-businessman-businesswomen-1061588.jpg\",\"contentUrl\":\"http:\/\/f2k-computing.fr\/wp-content\/uploads\/2019\/05\/adult-businessman-businesswomen-1061588.jpg\",\"width\":3000,\"height\":2000},{\"@type\":\"BreadcrumbList\",\"@id\":\"http:\/\/f2k-computing.fr\/index.php\/apropos\/#breadcrumb\",\"itemListElement\":[{\"@type\":\"ListItem\",\"position\":1,\"name\":\"Accueil\",\"item\":\"http:\/\/f2k-computing.fr\/\"},{\"@type\":\"ListItem\",\"position\":2,\"name\":\"Qui sommes nous\"}]},{\"@type\":\"WebSite\",\"@id\":\"http:\/\/f2k-computing.fr\/#website\",\"url\":\"http:\/\/f2k-computing.fr\/\",\"name\":\"F2K Computing\",\"description\":\"\",\"publisher\":{\"@id\":\"http:\/\/f2k-computing.fr\/#organization\"},\"potentialAction\":[{\"@type\":\"SearchAction\",\"target\":{\"@type\":\"EntryPoint\",\"urlTemplate\":\"http:\/\/f2k-computing.fr\/?s={search_term_string}\"},\"query-input\":\"required name=search_term_string\"}],\"inLanguage\":\"fr-FR\"},{\"@type\":\"Organization\",\"@id\":\"http:\/\/f2k-computing.fr\/#organization\",\"name\":\"F2K Computing\",\"url\":\"http:\/\/f2k-computing.fr\/\",\"logo\":{\"@type\":\"ImageObject\",\"inLanguage\":\"fr-FR\",\"@id\":\"http:\/\/f2k-computing.fr\/#\/schema\/logo\/image\/\",\"url\":\"http:\/\/f2k-computing.fr\/wp-content\/uploads\/2019\/11\/f2K-final.png\",\"contentUrl\":\"http:\/\/f2k-computing.fr\/wp-content\/uploads\/2019\/11\/f2K-final.png\",\"width\":458,\"height\":374,\"caption\":\"F2K Computing\"},\"image\":{\"@id\":\"http:\/\/f2k-computing.fr\/#\/schema\/logo\/image\/\"},\"sameAs\":[\"https:\/\/www.linkedin.com\/in\/f2k-computing-rh-aa4974184\/\"]}]}<\/script>\n<!-- \/ Yoast SEO plugin. -->","yoast_head_json":{"title":"Qui sommes nous - F2K Computing","robots":{"index":"index","follow":"follow","max-snippet":"max-snippet:-1","max-image-preview":"max-image-preview:large","max-video-preview":"max-video-preview:-1"},"canonical":"http:\/\/f2k-computing.fr\/index.php\/apropos\/","og_locale":"fr_FR","og_type":"article","og_title":"Qui sommes nous - F2K Computing","og_description":"Pr\u00e9sentation F2K-Computing est une soci\u00e9t\u00e9 de services num\u00e9rique dans le domaine de l&#8217;IT. Implant\u00e9e en r\u00e9gion parisienne F2K-Computing approche comme premi\u00e8re client\u00e8le les principaux acteurs du domaine des r\u00e9seaux informatiques et de la et t\u00e9l\u00e9communication. Notre principal objectif est de satisfaire nos clients en les offrant le meilleur service de consulting Notre approche Notre approche Read more about Qui sommes nous[&hellip;]","og_url":"http:\/\/f2k-computing.fr\/index.php\/apropos\/","og_site_name":"F2K Computing","article_publisher":"https:\/\/www.linkedin.com\/in\/f2k-computing-rh-aa4974184\/","article_modified_time":"2019-11-03T02:36:45+00:00","og_image":[{"width":3000,"height":2000,"url":"http:\/\/f2k-computing.fr\/wp-content\/uploads\/2019\/05\/adult-businessman-businesswomen-1061588.jpg","type":"image\/jpeg"}],"twitter_card":"summary_large_image","twitter_misc":{"Dur\u00e9e de lecture estim\u00e9e":"1 minute"},"schema":{"@context":"https:\/\/schema.org","@graph":[{"@type":"WebPage","@id":"http:\/\/f2k-computing.fr\/index.php\/apropos\/","url":"http:\/\/f2k-computing.fr\/index.php\/apropos\/","name":"Qui sommes nous - F2K Computing","isPartOf":{"@id":"http:\/\/f2k-computing.fr\/#website"},"primaryImageOfPage":{"@id":"http:\/\/f2k-computing.fr\/index.php\/apropos\/#primaryimage"},"image":{"@id":"http:\/\/f2k-computing.fr\/index.php\/apropos\/#primaryimage"},"thumbnailUrl":"http:\/\/f2k-computing.fr\/wp-content\/uploads\/2019\/05\/adult-businessman-businesswomen-1061588.jpg","datePublished":"2015-06-27T06:43:20+00:00","dateModified":"2019-11-03T02:36:45+00:00","breadcrumb":{"@id":"http:\/\/f2k-computing.fr\/index.php\/apropos\/#breadcrumb"},"inLanguage":"fr-FR","potentialAction":[{"@type":"ReadAction","target":["http:\/\/f2k-computing.fr\/index.php\/apropos\/"]}]},{"@type":"ImageObject","inLanguage":"fr-FR","@id":"http:\/\/f2k-computing.fr\/index.php\/apropos\/#primaryimage","url":"http:\/\/f2k-computing.fr\/wp-content\/uploads\/2019\/05\/adult-businessman-businesswomen-1061588.jpg","contentUrl":"http:\/\/f2k-computing.fr\/wp-content\/uploads\/2019\/05\/adult-businessman-businesswomen-1061588.jpg","width":3000,"height":2000},{"@type":"BreadcrumbList","@id":"http:\/\/f2k-computing.fr\/index.php\/apropos\/#breadcrumb","itemListElement":[{"@type":"ListItem","position":1,"name":"Accueil","item":"http:\/\/f2k-computing.fr\/"},{"@type":"ListItem","position":2,"name":"Qui sommes nous"}]},{"@type":"WebSite","@id":"http:\/\/f2k-computing.fr\/#website","url":"http:\/\/f2k-computing.fr\/","name":"F2K Computing","description":"","publisher":{"@id":"http:\/\/f2k-computing.fr\/#organization"},"potentialAction":[{"@type":"SearchAction","target":{"@type":"EntryPoint","urlTemplate":"http:\/\/f2k-computing.fr\/?s={search_term_string}"},"query-input":"required name=search_term_string"}],"inLanguage":"fr-FR"},{"@type":"Organization","@id":"http:\/\/f2k-computing.fr\/#organization","name":"F2K Computing","url":"http:\/\/f2k-computing.fr\/","logo":{"@type":"ImageObject","inLanguage":"fr-FR","@id":"http:\/\/f2k-computing.fr\/#\/schema\/logo\/image\/","url":"http:\/\/f2k-computing.fr\/wp-content\/uploads\/2019\/11\/f2K-final.png","contentUrl":"http:\/\/f2k-computing.fr\/wp-content\/uploads\/2019\/11\/f2K-final.png","width":458,"height":374,"caption":"F2K Computing"},"image":{"@id":"http:\/\/f2k-computing.fr\/#\/schema\/logo\/image\/"},"sameAs":["https:\/\/www.linkedin.com\/in\/f2k-computing-rh-aa4974184\/"]}]}},"_links":{"self":[{"href":"http:\/\/f2k-computing.fr\/index.php\/wp-json\/wp\/v2\/pages\/114"}],"collection":[{"href":"http:\/\/f2k-computing.fr\/index.php\/wp-json\/wp\/v2\/pages"}],"about":[{"href":"http:\/\/f2k-computing.fr\/index.php\/wp-json\/wp\/v2\/types\/page"}],"author":[{"embeddable":true,"href":"http:\/\/f2k-computing.fr\/index.php\/wp-json\/wp\/v2\/users\/1"}],"replies":[{"embeddable":true,"href":"http:\/\/f2k-computing.fr\/index.php\/wp-json\/wp\/v2\/comments?post=114"}],"version-history":[{"count":26,"href":"http:\/\/f2k-computing.fr\/index.php\/wp-json\/wp\/v2\/pages\/114\/revisions"}],"predecessor-version":[{"id":340,"href":"http:\/\/f2k-computing.fr\/index.php\/wp-json\/wp\/v2\/pages\/114\/revisions\/340"}],"wp:featuredmedia":[{"embeddable":true,"href":"http:\/\/f2k-computing.fr\/index.php\/wp-json\/wp\/v2\/media\/181"}],"wp:attachment":[{"href":"http:\/\/f2k-computing.fr\/index.php\/wp-json\/wp\/v2\/media?parent=114"}],"curies":[{"name":"wp","href":"https:\/\/api.w.org\/{rel}","templated":true}]}}