{"id":255,"date":"2019-05-12T00:15:03","date_gmt":"2019-05-11T22:15:03","guid":{"rendered":"http:\/\/localhost:81\/wordpress\/?page_id=255"},"modified":"2019-11-06T21:01:00","modified_gmt":"2019-11-06T20:01:00","slug":"etude-developpement","status":"publish","type":"page","link":"http:\/\/f2k-computing.fr\/index.php\/etude-developpement\/","title":{"rendered":"\u00c9tude &#038; D\u00e9veloppement"},"content":{"rendered":"\n<p>Dans le cadre de la transformation num\u00e9rique de votre entreprise, nos d\u00e9veloppeurs vous accompagne dans la mise en \u0153uvre de vos diff\u00e9rents besoins. Et ce sur les plans techniques et fonctionnels.<\/p>\n\n\n\n<p>En fonction de vos choix technologiques, les \u00e9quipes F2K-Computing ont les connaissances n\u00e9cessaires pour la majorit\u00e9 des langages de d\u00e9veloppement utilis\u00e9s sur le march\u00e9:<\/p>\n\n\n\n<ul><li>Java\/J2EE et les Frameworks<\/li><li>Microsoft  .Net<\/li><li>C\/C++ <\/li><li>PHP, DRUPAL et Symfony<\/li><\/ul>\n\n\n\n<p>Notre offre:<\/p>\n\n\n\n<ul><li>Analyse et conception<\/li><li>D\u00e9veloppement et mise en \u0153uvre <\/li><\/ul>\n","protected":false},"excerpt":{"rendered":"<p>Dans le cadre de la transformation num\u00e9rique de votre entreprise, nos d\u00e9veloppeurs vous accompagne dans la mise en \u0153uvre de vos diff\u00e9rents besoins. Et ce sur les plans techniques et fonctionnels. En fonction de vos choix technologiques, les \u00e9quipes F2K-Computing ont les connaissances n\u00e9cessaires pour la majorit\u00e9 des langages de d\u00e9veloppement utilis\u00e9s sur le march\u00e9: <a href=\"http:\/\/f2k-computing.fr\/index.php\/etude-developpement\/\" rel=\"nofollow\"><span class=\"sr-only\">Read more about \u00c9tude &#038; D\u00e9veloppement<\/span>[&hellip;]<\/a><\/p>\n","protected":false},"author":1,"featured_media":0,"parent":0,"menu_order":0,"comment_status":"closed","ping_status":"closed","template":"","meta":{"footnotes":""},"yoast_head":"<!-- This site is optimized with the Yoast SEO plugin v22.2 - https:\/\/yoast.com\/wordpress\/plugins\/seo\/ -->\n<title>\u00c9tude &amp; D\u00e9veloppement - F2K Computing<\/title>\n<meta name=\"robots\" content=\"index, follow, max-snippet:-1, max-image-preview:large, max-video-preview:-1\" \/>\n<link rel=\"canonical\" href=\"http:\/\/f2k-computing.fr\/index.php\/etude-developpement\/\" \/>\n<meta property=\"og:locale\" content=\"fr_FR\" \/>\n<meta property=\"og:type\" content=\"article\" \/>\n<meta property=\"og:title\" content=\"\u00c9tude &amp; D\u00e9veloppement - F2K Computing\" \/>\n<meta property=\"og:description\" content=\"Dans le cadre de la transformation num\u00e9rique de votre entreprise, nos d\u00e9veloppeurs vous accompagne dans la mise en \u0153uvre de vos diff\u00e9rents besoins. Et ce sur les plans techniques et fonctionnels. En fonction de vos choix technologiques, les \u00e9quipes F2K-Computing ont les connaissances n\u00e9cessaires pour la majorit\u00e9 des langages de d\u00e9veloppement utilis\u00e9s sur le march\u00e9: Read more about \u00c9tude &#038; D\u00e9veloppement[&hellip;]\" \/>\n<meta property=\"og:url\" content=\"http:\/\/f2k-computing.fr\/index.php\/etude-developpement\/\" \/>\n<meta property=\"og:site_name\" content=\"F2K Computing\" \/>\n<meta property=\"article:publisher\" content=\"https:\/\/www.linkedin.com\/in\/f2k-computing-rh-aa4974184\/\" \/>\n<meta property=\"article:modified_time\" content=\"2019-11-06T20:01:00+00:00\" \/>\n<meta name=\"twitter:card\" content=\"summary_large_image\" \/>\n<script type=\"application\/ld+json\" class=\"yoast-schema-graph\">{\"@context\":\"https:\/\/schema.org\",\"@graph\":[{\"@type\":\"WebPage\",\"@id\":\"http:\/\/f2k-computing.fr\/index.php\/etude-developpement\/\",\"url\":\"http:\/\/f2k-computing.fr\/index.php\/etude-developpement\/\",\"name\":\"\u00c9tude & D\u00e9veloppement - F2K Computing\",\"isPartOf\":{\"@id\":\"http:\/\/f2k-computing.fr\/#website\"},\"datePublished\":\"2019-05-11T22:15:03+00:00\",\"dateModified\":\"2019-11-06T20:01:00+00:00\",\"breadcrumb\":{\"@id\":\"http:\/\/f2k-computing.fr\/index.php\/etude-developpement\/#breadcrumb\"},\"inLanguage\":\"fr-FR\",\"potentialAction\":[{\"@type\":\"ReadAction\",\"target\":[\"http:\/\/f2k-computing.fr\/index.php\/etude-developpement\/\"]}]},{\"@type\":\"BreadcrumbList\",\"@id\":\"http:\/\/f2k-computing.fr\/index.php\/etude-developpement\/#breadcrumb\",\"itemListElement\":[{\"@type\":\"ListItem\",\"position\":1,\"name\":\"Accueil\",\"item\":\"http:\/\/f2k-computing.fr\/\"},{\"@type\":\"ListItem\",\"position\":2,\"name\":\"\u00c9tude &#038; D\u00e9veloppement\"}]},{\"@type\":\"WebSite\",\"@id\":\"http:\/\/f2k-computing.fr\/#website\",\"url\":\"http:\/\/f2k-computing.fr\/\",\"name\":\"F2K Computing\",\"description\":\"\",\"publisher\":{\"@id\":\"http:\/\/f2k-computing.fr\/#organization\"},\"potentialAction\":[{\"@type\":\"SearchAction\",\"target\":{\"@type\":\"EntryPoint\",\"urlTemplate\":\"http:\/\/f2k-computing.fr\/?s={search_term_string}\"},\"query-input\":\"required name=search_term_string\"}],\"inLanguage\":\"fr-FR\"},{\"@type\":\"Organization\",\"@id\":\"http:\/\/f2k-computing.fr\/#organization\",\"name\":\"F2K Computing\",\"url\":\"http:\/\/f2k-computing.fr\/\",\"logo\":{\"@type\":\"ImageObject\",\"inLanguage\":\"fr-FR\",\"@id\":\"http:\/\/f2k-computing.fr\/#\/schema\/logo\/image\/\",\"url\":\"http:\/\/f2k-computing.fr\/wp-content\/uploads\/2019\/11\/f2K-final.png\",\"contentUrl\":\"http:\/\/f2k-computing.fr\/wp-content\/uploads\/2019\/11\/f2K-final.png\",\"width\":458,\"height\":374,\"caption\":\"F2K Computing\"},\"image\":{\"@id\":\"http:\/\/f2k-computing.fr\/#\/schema\/logo\/image\/\"},\"sameAs\":[\"https:\/\/www.linkedin.com\/in\/f2k-computing-rh-aa4974184\/\"]}]}<\/script>\n<!-- \/ Yoast SEO plugin. -->","yoast_head_json":{"title":"\u00c9tude & D\u00e9veloppement - F2K Computing","robots":{"index":"index","follow":"follow","max-snippet":"max-snippet:-1","max-image-preview":"max-image-preview:large","max-video-preview":"max-video-preview:-1"},"canonical":"http:\/\/f2k-computing.fr\/index.php\/etude-developpement\/","og_locale":"fr_FR","og_type":"article","og_title":"\u00c9tude & D\u00e9veloppement - F2K Computing","og_description":"Dans le cadre de la transformation num\u00e9rique de votre entreprise, nos d\u00e9veloppeurs vous accompagne dans la mise en \u0153uvre de vos diff\u00e9rents besoins. Et ce sur les plans techniques et fonctionnels. En fonction de vos choix technologiques, les \u00e9quipes F2K-Computing ont les connaissances n\u00e9cessaires pour la majorit\u00e9 des langages de d\u00e9veloppement utilis\u00e9s sur le march\u00e9: Read more about \u00c9tude &#038; D\u00e9veloppement[&hellip;]","og_url":"http:\/\/f2k-computing.fr\/index.php\/etude-developpement\/","og_site_name":"F2K Computing","article_publisher":"https:\/\/www.linkedin.com\/in\/f2k-computing-rh-aa4974184\/","article_modified_time":"2019-11-06T20:01:00+00:00","twitter_card":"summary_large_image","schema":{"@context":"https:\/\/schema.org","@graph":[{"@type":"WebPage","@id":"http:\/\/f2k-computing.fr\/index.php\/etude-developpement\/","url":"http:\/\/f2k-computing.fr\/index.php\/etude-developpement\/","name":"\u00c9tude & D\u00e9veloppement - F2K Computing","isPartOf":{"@id":"http:\/\/f2k-computing.fr\/#website"},"datePublished":"2019-05-11T22:15:03+00:00","dateModified":"2019-11-06T20:01:00+00:00","breadcrumb":{"@id":"http:\/\/f2k-computing.fr\/index.php\/etude-developpement\/#breadcrumb"},"inLanguage":"fr-FR","potentialAction":[{"@type":"ReadAction","target":["http:\/\/f2k-computing.fr\/index.php\/etude-developpement\/"]}]},{"@type":"BreadcrumbList","@id":"http:\/\/f2k-computing.fr\/index.php\/etude-developpement\/#breadcrumb","itemListElement":[{"@type":"ListItem","position":1,"name":"Accueil","item":"http:\/\/f2k-computing.fr\/"},{"@type":"ListItem","position":2,"name":"\u00c9tude &#038; D\u00e9veloppement"}]},{"@type":"WebSite","@id":"http:\/\/f2k-computing.fr\/#website","url":"http:\/\/f2k-computing.fr\/","name":"F2K Computing","description":"","publisher":{"@id":"http:\/\/f2k-computing.fr\/#organization"},"potentialAction":[{"@type":"SearchAction","target":{"@type":"EntryPoint","urlTemplate":"http:\/\/f2k-computing.fr\/?s={search_term_string}"},"query-input":"required name=search_term_string"}],"inLanguage":"fr-FR"},{"@type":"Organization","@id":"http:\/\/f2k-computing.fr\/#organization","name":"F2K Computing","url":"http:\/\/f2k-computing.fr\/","logo":{"@type":"ImageObject","inLanguage":"fr-FR","@id":"http:\/\/f2k-computing.fr\/#\/schema\/logo\/image\/","url":"http:\/\/f2k-computing.fr\/wp-content\/uploads\/2019\/11\/f2K-final.png","contentUrl":"http:\/\/f2k-computing.fr\/wp-content\/uploads\/2019\/11\/f2K-final.png","width":458,"height":374,"caption":"F2K Computing"},"image":{"@id":"http:\/\/f2k-computing.fr\/#\/schema\/logo\/image\/"},"sameAs":["https:\/\/www.linkedin.com\/in\/f2k-computing-rh-aa4974184\/"]}]}},"_links":{"self":[{"href":"http:\/\/f2k-computing.fr\/index.php\/wp-json\/wp\/v2\/pages\/255"}],"collection":[{"href":"http:\/\/f2k-computing.fr\/index.php\/wp-json\/wp\/v2\/pages"}],"about":[{"href":"http:\/\/f2k-computing.fr\/index.php\/wp-json\/wp\/v2\/types\/page"}],"author":[{"embeddable":true,"href":"http:\/\/f2k-computing.fr\/index.php\/wp-json\/wp\/v2\/users\/1"}],"replies":[{"embeddable":true,"href":"http:\/\/f2k-computing.fr\/index.php\/wp-json\/wp\/v2\/comments?post=255"}],"version-history":[{"count":4,"href":"http:\/\/f2k-computing.fr\/index.php\/wp-json\/wp\/v2\/pages\/255\/revisions"}],"predecessor-version":[{"id":350,"href":"http:\/\/f2k-computing.fr\/index.php\/wp-json\/wp\/v2\/pages\/255\/revisions\/350"}],"wp:attachment":[{"href":"http:\/\/f2k-computing.fr\/index.php\/wp-json\/wp\/v2\/media?parent=255"}],"curies":[{"name":"wp","href":"https:\/\/api.w.org\/{rel}","templated":true}]}}