{"id":351,"date":"2019-11-03T15:43:03","date_gmt":"2019-11-03T14:43:03","guid":{"rendered":"http:\/\/f2k-computing.fr\/?page_id=351"},"modified":"2019-11-03T15:43:04","modified_gmt":"2019-11-03T14:43:04","slug":"certifications","status":"publish","type":"page","link":"http:\/\/f2k-computing.fr\/index.php\/certifications\/","title":{"rendered":"Certifications"},"content":{"rendered":"\n<p>Etant expert dans leurs donaines de comp\u00e9tences, nos experts sont tr\u00e8s qualifi\u00e8s et certifi\u00e8s<\/p>\n\n\n\n<p><strong>Infrastructure<\/strong><\/p>\n\n\n\n<ul><li>R\u00e9seaux \/ s\u00e9curit\u00e9 :<ul><li>CCNP routing and switching , CCNP security , CCIE Security\u00a0<\/li><li>Huawei Certified interwork Expert<\/li><li>Barracuda Web security Gateway<\/li><li>Barracuda Email security Gateway<\/li><li>Certified Ethical Hacker<\/li><\/ul><\/li><li>Syst\u00e8me \/ virtualisation:<ul><li>VMware Certified Professional Desktop &amp; Mobility\u00a0<\/li><li>RHCSA, RHCSA in Openstack<\/li><li>Linux Professional Institute Certification<\/li><\/ul><\/li><li> Stockage \/ Backup:<ul><li>Certified Information Storage Associate<\/li><li>Brocade Certified VRouter Engineer<\/li><li>Brocade Certified Ethernet Fabric Professional<\/li><li>Veeam Technical Sales Professional<\/li><\/ul><\/li><\/ul>\n\n\n\n<p><strong>D\u00e9veloppement<\/strong><\/p>\n\n\n\n<ul><li>Oracle Certified Professional Java Programmer 8<\/li><\/ul>\n\n\n\n<h2 class=\"wp-block-heading\"><\/h2>\n","protected":false},"excerpt":{"rendered":"<p>Etant expert dans leurs donaines de comp\u00e9tences, nos experts sont tr\u00e8s qualifi\u00e8s et certifi\u00e8s Infrastructure R\u00e9seaux \/ s\u00e9curit\u00e9 : CCNP routing and switching , CCNP security , CCIE Security\u00a0 Huawei Certified interwork Expert Barracuda Web security Gateway Barracuda Email security Gateway Certified Ethical Hacker Syst\u00e8me \/ virtualisation: VMware Certified Professional Desktop &amp; Mobility\u00a0 RHCSA, RHCSA <a href=\"http:\/\/f2k-computing.fr\/index.php\/certifications\/\" rel=\"nofollow\"><span class=\"sr-only\">Read more about Certifications<\/span>[&hellip;]<\/a><\/p>\n","protected":false},"author":1,"featured_media":0,"parent":0,"menu_order":0,"comment_status":"closed","ping_status":"closed","template":"","meta":{"footnotes":""},"yoast_head":"<!-- This site is optimized with the Yoast SEO plugin v22.2 - https:\/\/yoast.com\/wordpress\/plugins\/seo\/ -->\n<title>Certifications - F2K Computing<\/title>\n<meta name=\"robots\" content=\"index, follow, max-snippet:-1, max-image-preview:large, max-video-preview:-1\" \/>\n<link rel=\"canonical\" href=\"http:\/\/f2k-computing.fr\/index.php\/certifications\/\" \/>\n<meta property=\"og:locale\" content=\"fr_FR\" \/>\n<meta property=\"og:type\" content=\"article\" \/>\n<meta property=\"og:title\" content=\"Certifications - F2K Computing\" \/>\n<meta property=\"og:description\" content=\"Etant expert dans leurs donaines de comp\u00e9tences, nos experts sont tr\u00e8s qualifi\u00e8s et certifi\u00e8s Infrastructure R\u00e9seaux \/ s\u00e9curit\u00e9 : CCNP routing and switching , CCNP security , CCIE Security\u00a0 Huawei Certified interwork Expert Barracuda Web security Gateway Barracuda Email security Gateway Certified Ethical Hacker Syst\u00e8me \/ virtualisation: VMware Certified Professional Desktop &amp; Mobility\u00a0 RHCSA, RHCSA Read more about Certifications[&hellip;]\" \/>\n<meta property=\"og:url\" content=\"http:\/\/f2k-computing.fr\/index.php\/certifications\/\" \/>\n<meta property=\"og:site_name\" content=\"F2K Computing\" \/>\n<meta property=\"article:publisher\" content=\"https:\/\/www.linkedin.com\/in\/f2k-computing-rh-aa4974184\/\" \/>\n<meta property=\"article:modified_time\" content=\"2019-11-03T14:43:04+00:00\" \/>\n<meta name=\"twitter:card\" content=\"summary_large_image\" \/>\n<script type=\"application\/ld+json\" class=\"yoast-schema-graph\">{\"@context\":\"https:\/\/schema.org\",\"@graph\":[{\"@type\":\"WebPage\",\"@id\":\"http:\/\/f2k-computing.fr\/index.php\/certifications\/\",\"url\":\"http:\/\/f2k-computing.fr\/index.php\/certifications\/\",\"name\":\"Certifications - F2K Computing\",\"isPartOf\":{\"@id\":\"http:\/\/f2k-computing.fr\/#website\"},\"datePublished\":\"2019-11-03T14:43:03+00:00\",\"dateModified\":\"2019-11-03T14:43:04+00:00\",\"breadcrumb\":{\"@id\":\"http:\/\/f2k-computing.fr\/index.php\/certifications\/#breadcrumb\"},\"inLanguage\":\"fr-FR\",\"potentialAction\":[{\"@type\":\"ReadAction\",\"target\":[\"http:\/\/f2k-computing.fr\/index.php\/certifications\/\"]}]},{\"@type\":\"BreadcrumbList\",\"@id\":\"http:\/\/f2k-computing.fr\/index.php\/certifications\/#breadcrumb\",\"itemListElement\":[{\"@type\":\"ListItem\",\"position\":1,\"name\":\"Accueil\",\"item\":\"http:\/\/f2k-computing.fr\/\"},{\"@type\":\"ListItem\",\"position\":2,\"name\":\"Certifications\"}]},{\"@type\":\"WebSite\",\"@id\":\"http:\/\/f2k-computing.fr\/#website\",\"url\":\"http:\/\/f2k-computing.fr\/\",\"name\":\"F2K Computing\",\"description\":\"\",\"publisher\":{\"@id\":\"http:\/\/f2k-computing.fr\/#organization\"},\"potentialAction\":[{\"@type\":\"SearchAction\",\"target\":{\"@type\":\"EntryPoint\",\"urlTemplate\":\"http:\/\/f2k-computing.fr\/?s={search_term_string}\"},\"query-input\":\"required name=search_term_string\"}],\"inLanguage\":\"fr-FR\"},{\"@type\":\"Organization\",\"@id\":\"http:\/\/f2k-computing.fr\/#organization\",\"name\":\"F2K Computing\",\"url\":\"http:\/\/f2k-computing.fr\/\",\"logo\":{\"@type\":\"ImageObject\",\"inLanguage\":\"fr-FR\",\"@id\":\"http:\/\/f2k-computing.fr\/#\/schema\/logo\/image\/\",\"url\":\"http:\/\/f2k-computing.fr\/wp-content\/uploads\/2019\/11\/f2K-final.png\",\"contentUrl\":\"http:\/\/f2k-computing.fr\/wp-content\/uploads\/2019\/11\/f2K-final.png\",\"width\":458,\"height\":374,\"caption\":\"F2K Computing\"},\"image\":{\"@id\":\"http:\/\/f2k-computing.fr\/#\/schema\/logo\/image\/\"},\"sameAs\":[\"https:\/\/www.linkedin.com\/in\/f2k-computing-rh-aa4974184\/\"]}]}<\/script>\n<!-- \/ Yoast SEO plugin. -->","yoast_head_json":{"title":"Certifications - F2K Computing","robots":{"index":"index","follow":"follow","max-snippet":"max-snippet:-1","max-image-preview":"max-image-preview:large","max-video-preview":"max-video-preview:-1"},"canonical":"http:\/\/f2k-computing.fr\/index.php\/certifications\/","og_locale":"fr_FR","og_type":"article","og_title":"Certifications - F2K Computing","og_description":"Etant expert dans leurs donaines de comp\u00e9tences, nos experts sont tr\u00e8s qualifi\u00e8s et certifi\u00e8s Infrastructure R\u00e9seaux \/ s\u00e9curit\u00e9 : CCNP routing and switching , CCNP security , CCIE Security\u00a0 Huawei Certified interwork Expert Barracuda Web security Gateway Barracuda Email security Gateway Certified Ethical Hacker Syst\u00e8me \/ virtualisation: VMware Certified Professional Desktop &amp; Mobility\u00a0 RHCSA, RHCSA Read more about Certifications[&hellip;]","og_url":"http:\/\/f2k-computing.fr\/index.php\/certifications\/","og_site_name":"F2K Computing","article_publisher":"https:\/\/www.linkedin.com\/in\/f2k-computing-rh-aa4974184\/","article_modified_time":"2019-11-03T14:43:04+00:00","twitter_card":"summary_large_image","schema":{"@context":"https:\/\/schema.org","@graph":[{"@type":"WebPage","@id":"http:\/\/f2k-computing.fr\/index.php\/certifications\/","url":"http:\/\/f2k-computing.fr\/index.php\/certifications\/","name":"Certifications - F2K Computing","isPartOf":{"@id":"http:\/\/f2k-computing.fr\/#website"},"datePublished":"2019-11-03T14:43:03+00:00","dateModified":"2019-11-03T14:43:04+00:00","breadcrumb":{"@id":"http:\/\/f2k-computing.fr\/index.php\/certifications\/#breadcrumb"},"inLanguage":"fr-FR","potentialAction":[{"@type":"ReadAction","target":["http:\/\/f2k-computing.fr\/index.php\/certifications\/"]}]},{"@type":"BreadcrumbList","@id":"http:\/\/f2k-computing.fr\/index.php\/certifications\/#breadcrumb","itemListElement":[{"@type":"ListItem","position":1,"name":"Accueil","item":"http:\/\/f2k-computing.fr\/"},{"@type":"ListItem","position":2,"name":"Certifications"}]},{"@type":"WebSite","@id":"http:\/\/f2k-computing.fr\/#website","url":"http:\/\/f2k-computing.fr\/","name":"F2K Computing","description":"","publisher":{"@id":"http:\/\/f2k-computing.fr\/#organization"},"potentialAction":[{"@type":"SearchAction","target":{"@type":"EntryPoint","urlTemplate":"http:\/\/f2k-computing.fr\/?s={search_term_string}"},"query-input":"required name=search_term_string"}],"inLanguage":"fr-FR"},{"@type":"Organization","@id":"http:\/\/f2k-computing.fr\/#organization","name":"F2K Computing","url":"http:\/\/f2k-computing.fr\/","logo":{"@type":"ImageObject","inLanguage":"fr-FR","@id":"http:\/\/f2k-computing.fr\/#\/schema\/logo\/image\/","url":"http:\/\/f2k-computing.fr\/wp-content\/uploads\/2019\/11\/f2K-final.png","contentUrl":"http:\/\/f2k-computing.fr\/wp-content\/uploads\/2019\/11\/f2K-final.png","width":458,"height":374,"caption":"F2K Computing"},"image":{"@id":"http:\/\/f2k-computing.fr\/#\/schema\/logo\/image\/"},"sameAs":["https:\/\/www.linkedin.com\/in\/f2k-computing-rh-aa4974184\/"]}]}},"_links":{"self":[{"href":"http:\/\/f2k-computing.fr\/index.php\/wp-json\/wp\/v2\/pages\/351"}],"collection":[{"href":"http:\/\/f2k-computing.fr\/index.php\/wp-json\/wp\/v2\/pages"}],"about":[{"href":"http:\/\/f2k-computing.fr\/index.php\/wp-json\/wp\/v2\/types\/page"}],"author":[{"embeddable":true,"href":"http:\/\/f2k-computing.fr\/index.php\/wp-json\/wp\/v2\/users\/1"}],"replies":[{"embeddable":true,"href":"http:\/\/f2k-computing.fr\/index.php\/wp-json\/wp\/v2\/comments?post=351"}],"version-history":[{"count":1,"href":"http:\/\/f2k-computing.fr\/index.php\/wp-json\/wp\/v2\/pages\/351\/revisions"}],"predecessor-version":[{"id":352,"href":"http:\/\/f2k-computing.fr\/index.php\/wp-json\/wp\/v2\/pages\/351\/revisions\/352"}],"wp:attachment":[{"href":"http:\/\/f2k-computing.fr\/index.php\/wp-json\/wp\/v2\/media?parent=351"}],"curies":[{"name":"wp","href":"https:\/\/api.w.org\/{rel}","templated":true}]}}