{"id":7,"date":"2019-04-04T23:45:37","date_gmt":"2019-04-04T21:45:37","guid":{"rendered":"http:\/\/localhost:81\/wordpress\/?page_id=7"},"modified":"2019-11-06T21:01:34","modified_gmt":"2019-11-06T20:01:34","slug":"consulting","status":"publish","type":"page","link":"http:\/\/f2k-computing.fr\/index.php\/consulting\/","title":{"rendered":"Consulting"},"content":{"rendered":"\n<p>Gr\u00e2ce \u00e0   leurs fortes expertises dans le monde de l&#8217;informatique, les \u00e9quipes de F2K-Computing vous proposent conseils et solutions dans les domaines suivants :<\/p>\n\n\n\n<p><strong>Conseil-Expertise AMOA:<\/strong><\/p>\n\n\n\n<p><\/p>\n\n\n\n<p>En mettant en \u0153uvre les moyens et les comp\u00e9tences n\u00e9cessaires, nous faisons l&#8217;assistance \u00e0 la MOA afin d&#8217;accompagner nos clients sur la coh\u00e9rence des syst\u00e8mes d\u2019information : refonte, \u00e9volution, s\u00e9curit\u00e9\u2026<br> Notre offre :<\/p>\n\n\n\n<ul><li>Le cadrage du p\u00e9rim\u00e8tre projet et l&#8217;analyse des besoins<\/li><li>La gestion et le pilotage des projets <\/li><\/ul>\n\n\n\n<p><strong>Expert \/ Urbanisme SI<\/strong><\/p>\n\n\n\n<p><\/p>\n\n\n\n<p> <\/p>\n\n\n\n<p>Nos savoir-faire en Architecture d\u2019Entreprise, nous permettent de conseiller nos clients sur la convergence des d\u00e9marches d\u2019Urbanisation classiques et d\u2019Architecture d\u2019Entreprise <br>\nNotre offre :<\/p>\n\n\n\n<ul><li>Aligner le SI sur la strat\u00e9gie de l&#8217;entreprise<\/li><li>Rationaliser les architectures<\/li><\/ul>\n\n\n\n<p><strong>DevOps<\/strong><\/p>\n\n\n\n<p><\/p>\n\n\n\n<p>Pour l&#8217;optimisation de l&#8217;application, il faut passer par une  \u00e9tape tr\u00e8s importante qui est le changement culturel et accepter les  nouvelle organisations. Le devops sert \u00e0 faciliter l&#8217;activit\u00e9 de l&#8217;entreprise, mais pour le mettre en place, le passage d&#8217;un process compliqu\u00e9, est obligatoire ce qui rend cette d\u00e9marche longue.<br> De notre part nous essayons d&#8217;optimiser ce process et de ce fait nous mettons \u00e0 la disposition de nos clients des consultants certifi\u00e9s et surtout efficaces.<\/p>\n","protected":false},"excerpt":{"rendered":"<p>Gr\u00e2ce \u00e0 leurs fortes expertises dans le monde de l&#8217;informatique, les \u00e9quipes de F2K-Computing vous proposent conseils et solutions dans les domaines suivants : Conseil-Expertise AMOA: En mettant en \u0153uvre les moyens et les comp\u00e9tences n\u00e9cessaires, nous faisons l&#8217;assistance \u00e0 la MOA afin d&#8217;accompagner nos clients sur la coh\u00e9rence des syst\u00e8mes d\u2019information : refonte, \u00e9volution, <a href=\"http:\/\/f2k-computing.fr\/index.php\/consulting\/\" rel=\"nofollow\"><span class=\"sr-only\">Read more about Consulting<\/span>[&hellip;]<\/a><\/p>\n","protected":false},"author":1,"featured_media":0,"parent":0,"menu_order":0,"comment_status":"closed","ping_status":"closed","template":"","meta":{"footnotes":""},"yoast_head":"<!-- This site is optimized with the Yoast SEO plugin v22.2 - https:\/\/yoast.com\/wordpress\/plugins\/seo\/ -->\n<title>Consulting - F2K Computing<\/title>\n<meta name=\"robots\" content=\"index, follow, max-snippet:-1, max-image-preview:large, max-video-preview:-1\" \/>\n<link rel=\"canonical\" href=\"http:\/\/f2k-computing.fr\/index.php\/consulting\/\" \/>\n<meta property=\"og:locale\" content=\"fr_FR\" \/>\n<meta property=\"og:type\" content=\"article\" \/>\n<meta property=\"og:title\" content=\"Consulting - F2K Computing\" \/>\n<meta property=\"og:description\" content=\"Gr\u00e2ce \u00e0 leurs fortes expertises dans le monde de l&#8217;informatique, les \u00e9quipes de F2K-Computing vous proposent conseils et solutions dans les domaines suivants : Conseil-Expertise AMOA: En mettant en \u0153uvre les moyens et les comp\u00e9tences n\u00e9cessaires, nous faisons l&#8217;assistance \u00e0 la MOA afin d&#8217;accompagner nos clients sur la coh\u00e9rence des syst\u00e8mes d\u2019information : refonte, \u00e9volution, Read more about Consulting[&hellip;]\" \/>\n<meta property=\"og:url\" content=\"http:\/\/f2k-computing.fr\/index.php\/consulting\/\" \/>\n<meta property=\"og:site_name\" content=\"F2K Computing\" \/>\n<meta property=\"article:publisher\" content=\"https:\/\/www.linkedin.com\/in\/f2k-computing-rh-aa4974184\/\" \/>\n<meta property=\"article:modified_time\" content=\"2019-11-06T20:01:34+00:00\" \/>\n<meta name=\"twitter:card\" content=\"summary_large_image\" \/>\n<meta name=\"twitter:label1\" content=\"Dur\u00e9e de lecture estim\u00e9e\" \/>\n\t<meta name=\"twitter:data1\" content=\"1 minute\" \/>\n<script type=\"application\/ld+json\" class=\"yoast-schema-graph\">{\"@context\":\"https:\/\/schema.org\",\"@graph\":[{\"@type\":\"WebPage\",\"@id\":\"http:\/\/f2k-computing.fr\/index.php\/consulting\/\",\"url\":\"http:\/\/f2k-computing.fr\/index.php\/consulting\/\",\"name\":\"Consulting - F2K Computing\",\"isPartOf\":{\"@id\":\"http:\/\/f2k-computing.fr\/#website\"},\"datePublished\":\"2019-04-04T21:45:37+00:00\",\"dateModified\":\"2019-11-06T20:01:34+00:00\",\"breadcrumb\":{\"@id\":\"http:\/\/f2k-computing.fr\/index.php\/consulting\/#breadcrumb\"},\"inLanguage\":\"fr-FR\",\"potentialAction\":[{\"@type\":\"ReadAction\",\"target\":[\"http:\/\/f2k-computing.fr\/index.php\/consulting\/\"]}]},{\"@type\":\"BreadcrumbList\",\"@id\":\"http:\/\/f2k-computing.fr\/index.php\/consulting\/#breadcrumb\",\"itemListElement\":[{\"@type\":\"ListItem\",\"position\":1,\"name\":\"Accueil\",\"item\":\"http:\/\/f2k-computing.fr\/\"},{\"@type\":\"ListItem\",\"position\":2,\"name\":\"Consulting\"}]},{\"@type\":\"WebSite\",\"@id\":\"http:\/\/f2k-computing.fr\/#website\",\"url\":\"http:\/\/f2k-computing.fr\/\",\"name\":\"F2K Computing\",\"description\":\"\",\"publisher\":{\"@id\":\"http:\/\/f2k-computing.fr\/#organization\"},\"potentialAction\":[{\"@type\":\"SearchAction\",\"target\":{\"@type\":\"EntryPoint\",\"urlTemplate\":\"http:\/\/f2k-computing.fr\/?s={search_term_string}\"},\"query-input\":\"required name=search_term_string\"}],\"inLanguage\":\"fr-FR\"},{\"@type\":\"Organization\",\"@id\":\"http:\/\/f2k-computing.fr\/#organization\",\"name\":\"F2K Computing\",\"url\":\"http:\/\/f2k-computing.fr\/\",\"logo\":{\"@type\":\"ImageObject\",\"inLanguage\":\"fr-FR\",\"@id\":\"http:\/\/f2k-computing.fr\/#\/schema\/logo\/image\/\",\"url\":\"http:\/\/f2k-computing.fr\/wp-content\/uploads\/2019\/11\/f2K-final.png\",\"contentUrl\":\"http:\/\/f2k-computing.fr\/wp-content\/uploads\/2019\/11\/f2K-final.png\",\"width\":458,\"height\":374,\"caption\":\"F2K Computing\"},\"image\":{\"@id\":\"http:\/\/f2k-computing.fr\/#\/schema\/logo\/image\/\"},\"sameAs\":[\"https:\/\/www.linkedin.com\/in\/f2k-computing-rh-aa4974184\/\"]}]}<\/script>\n<!-- \/ Yoast SEO plugin. -->","yoast_head_json":{"title":"Consulting - F2K Computing","robots":{"index":"index","follow":"follow","max-snippet":"max-snippet:-1","max-image-preview":"max-image-preview:large","max-video-preview":"max-video-preview:-1"},"canonical":"http:\/\/f2k-computing.fr\/index.php\/consulting\/","og_locale":"fr_FR","og_type":"article","og_title":"Consulting - F2K Computing","og_description":"Gr\u00e2ce \u00e0 leurs fortes expertises dans le monde de l&#8217;informatique, les \u00e9quipes de F2K-Computing vous proposent conseils et solutions dans les domaines suivants : Conseil-Expertise AMOA: En mettant en \u0153uvre les moyens et les comp\u00e9tences n\u00e9cessaires, nous faisons l&#8217;assistance \u00e0 la MOA afin d&#8217;accompagner nos clients sur la coh\u00e9rence des syst\u00e8mes d\u2019information : refonte, \u00e9volution, Read more about Consulting[&hellip;]","og_url":"http:\/\/f2k-computing.fr\/index.php\/consulting\/","og_site_name":"F2K Computing","article_publisher":"https:\/\/www.linkedin.com\/in\/f2k-computing-rh-aa4974184\/","article_modified_time":"2019-11-06T20:01:34+00:00","twitter_card":"summary_large_image","twitter_misc":{"Dur\u00e9e de lecture estim\u00e9e":"1 minute"},"schema":{"@context":"https:\/\/schema.org","@graph":[{"@type":"WebPage","@id":"http:\/\/f2k-computing.fr\/index.php\/consulting\/","url":"http:\/\/f2k-computing.fr\/index.php\/consulting\/","name":"Consulting - F2K Computing","isPartOf":{"@id":"http:\/\/f2k-computing.fr\/#website"},"datePublished":"2019-04-04T21:45:37+00:00","dateModified":"2019-11-06T20:01:34+00:00","breadcrumb":{"@id":"http:\/\/f2k-computing.fr\/index.php\/consulting\/#breadcrumb"},"inLanguage":"fr-FR","potentialAction":[{"@type":"ReadAction","target":["http:\/\/f2k-computing.fr\/index.php\/consulting\/"]}]},{"@type":"BreadcrumbList","@id":"http:\/\/f2k-computing.fr\/index.php\/consulting\/#breadcrumb","itemListElement":[{"@type":"ListItem","position":1,"name":"Accueil","item":"http:\/\/f2k-computing.fr\/"},{"@type":"ListItem","position":2,"name":"Consulting"}]},{"@type":"WebSite","@id":"http:\/\/f2k-computing.fr\/#website","url":"http:\/\/f2k-computing.fr\/","name":"F2K Computing","description":"","publisher":{"@id":"http:\/\/f2k-computing.fr\/#organization"},"potentialAction":[{"@type":"SearchAction","target":{"@type":"EntryPoint","urlTemplate":"http:\/\/f2k-computing.fr\/?s={search_term_string}"},"query-input":"required name=search_term_string"}],"inLanguage":"fr-FR"},{"@type":"Organization","@id":"http:\/\/f2k-computing.fr\/#organization","name":"F2K Computing","url":"http:\/\/f2k-computing.fr\/","logo":{"@type":"ImageObject","inLanguage":"fr-FR","@id":"http:\/\/f2k-computing.fr\/#\/schema\/logo\/image\/","url":"http:\/\/f2k-computing.fr\/wp-content\/uploads\/2019\/11\/f2K-final.png","contentUrl":"http:\/\/f2k-computing.fr\/wp-content\/uploads\/2019\/11\/f2K-final.png","width":458,"height":374,"caption":"F2K Computing"},"image":{"@id":"http:\/\/f2k-computing.fr\/#\/schema\/logo\/image\/"},"sameAs":["https:\/\/www.linkedin.com\/in\/f2k-computing-rh-aa4974184\/"]}]}},"_links":{"self":[{"href":"http:\/\/f2k-computing.fr\/index.php\/wp-json\/wp\/v2\/pages\/7"}],"collection":[{"href":"http:\/\/f2k-computing.fr\/index.php\/wp-json\/wp\/v2\/pages"}],"about":[{"href":"http:\/\/f2k-computing.fr\/index.php\/wp-json\/wp\/v2\/types\/page"}],"author":[{"embeddable":true,"href":"http:\/\/f2k-computing.fr\/index.php\/wp-json\/wp\/v2\/users\/1"}],"replies":[{"embeddable":true,"href":"http:\/\/f2k-computing.fr\/index.php\/wp-json\/wp\/v2\/comments?post=7"}],"version-history":[{"count":8,"href":"http:\/\/f2k-computing.fr\/index.php\/wp-json\/wp\/v2\/pages\/7\/revisions"}],"predecessor-version":[{"id":346,"href":"http:\/\/f2k-computing.fr\/index.php\/wp-json\/wp\/v2\/pages\/7\/revisions\/346"}],"wp:attachment":[{"href":"http:\/\/f2k-computing.fr\/index.php\/wp-json\/wp\/v2\/media?parent=7"}],"curies":[{"name":"wp","href":"https:\/\/api.w.org\/{rel}","templated":true}]}}